{"id":13436,"date":"2018-10-22T13:48:22","date_gmt":"2018-10-22T10:48:22","guid":{"rendered":"https:\/\/rimextrade.com\/contact\/"},"modified":"2023-07-03T21:56:57","modified_gmt":"2023-07-03T18:56:57","slug":"contact","status":"publish","type":"page","link":"https:\/\/rimextrade.com\/en\/contact\/","title":{"rendered":"Contact"},"content":{"rendered":"<section class=\"wpb-content-wrapper\"><p>[vc_row full_width=&#8221;stretch_row&#8221; kd_background_overlay=&#8221;default&#8221; kd_background_image_position=&#8221;vc_row-bg-position-top&#8221;][vc_column css=&#8221;.vc_custom_1681257561846{margin-top: -90px !important;}&#8221;][vc_row_inner content_placement=&#8221;middle&#8221; kd_background_overlay=&#8221;default&#8221; kd_background_image_position=&#8221;vc_row-bg-position-top&#8221; css=&#8221;.vc_custom_1598013821419{padding-top: 100px !important;padding-bottom: 100px !important;}&#8221;][vc_column_inner width=&#8221;1\/2&#8243; offset=&#8221;vc_col-lg-6 vc_col-md-12&#8243; css_tablet_portrait=&#8221;.vc_custom_1649178324368{padding-bottom: 70px !important;}&#8221; css_mobile=&#8221;.vc_custom_1649178324368{padding-bottom: 70px !important;}&#8221;][vc_empty_space height=&#8221;40px&#8221;][vc_empty_space height=&#8221;40px&#8221;]<div class=\"key-icon-box icon-default icon-left cont-left ib-hover-gray  icon-left-bg-transparent  icon-box-gradient kd-animated fadeInUp\" style=\"background-color: transparent;\" ><div class=\"ib-wrapper\" ><i class=\"fas fa-map-marked-alt\" style=\"\"><\/i> <h4 class=\"service-heading\" >Our Address<\/h4><p style=\"font-size: 20px;\">Maidan \u0130\u015f ve Ya\u015fam Merkezi Mustafa Kemal Mahallesi 2118. Cadde No:4 A blok No: 78<br \/>\n\u00c7ankaya \/ ANKARA<\/p><\/div><\/div><div class=\"key-icon-box icon-default icon-left cont-left ib-hover-gray  icon-left-bg-transparent  icon-box-gradient kd-animated fadeInUp\" style=\"background-color: transparent;\" ><div class=\"ib-wrapper\" ><i class=\"fas fa-phone-square\" style=\"\"><\/i> <h4 class=\"service-heading\" >Call us right now.<\/h4><p style=\"font-size: 20px;\">+90 (530) 690 22 54<\/p><\/div><\/div><div class=\"key-icon-box icon-default icon-left cont-left ib-hover-gray  icon-left-bg-transparent  icon-box-gradient kd-animated fadeInUp\" style=\"background-color: transparent;\" ><div class=\"ib-wrapper\" ><i class=\"fas fa-envelope-open\" style=\"\"><\/i> <h5 class=\"service-heading\" >Our Mail Addresses<\/h5><p style=\"font-size: 20px;\">trade@rimextrade.com<br \/>\ninfo@rimextrade.com<\/p><\/div><\/div>[vc_empty_space height=&#8221;40px&#8221;][\/vc_column_inner][vc_column_inner width=&#8221;1\/2&#8243; offset=&#8221;vc_col-lg-6 vc_col-md-12&#8243; css=&#8221;.vc_custom_1649175533787{padding-right: 0px !important;padding-left: 0px !important;}&#8221;][vc_gmaps link=&#8221;#E-8_JTNDaWZyYW1lJTIwc3JjJTNEJTIyaHR0cHMlM0ElMkYlMkZ3d3cuZ29vZ2xlLmNvbSUyRm1hcHMlMkZlbWJlZCUzRnBiJTNEJTIxMW0xOCUyMTFtMTIlMjExbTMlMjExZDEyMjQxLjY5MTM1MjYzMzg2OSUyMTJkMzIuNzY0NTQzMDYyNTY3OTI0JTIxM2QzOS45MDk1NTI3MDMwOTk1JTIxMm0zJTIxMWYwJTIxMmYwJTIxM2YwJTIxM20yJTIxMWkxMDI0JTIxMmk3NjglMjE0ZjEzLjElMjEzbTMlMjExbTIlMjExczB4MTRkMzQ2MmIwYWFlZWRhYiUyNTNBMHgyMDY5NmRkZmQ3MjZhYTdhJTIxMnNNYWlkYW4lMjE1ZTAlMjEzbTIlMjExc3RyJTIxMnN0ciUyMTR2MTY4MTI1NjkxMzc5MiUyMTVtMiUyMTFzdHIlMjEyc3RyJTIyJTIwd2lkdGglM0QlMjI2MDAlMjIlMjBoZWlnaHQlM0QlMjI0NTAlMjIlMjBmcmFtZWJvcmRlciUzRCUyMjAlMjIlMjBzdHlsZSUzRCUyMmJvcmRlciUzQTAlMjIlMjBhbGxvd2Z1bGxzY3JlZW4lM0QlMjIlMjIlM0UlM0MlMkZpZnJhbWUlM0U=&#8221; css_animation=&#8221;flipInX&#8221;][\/vc_column_inner][\/vc_row_inner][\/vc_column][\/vc_row]<\/p>\n<\/section>","protected":false},"excerpt":{"rendered":"<p>[vc_row full_width=&#8221;stretch_row&#8221; kd_background_overlay=&#8221;default&#8221; kd_background_image_position=&#8221;vc_row-bg-position-top&#8221;][vc_column css=&#8221;.vc_custom_1681257561846{margin-top: -90px !important;}&#8221;][vc_row_inner content_placement=&#8221;middle&#8221; kd_background_overlay=&#8221;default&#8221; kd_background_image_position=&#8221;vc_row-bg-position-top&#8221; css=&#8221;.vc_custom_1598013821419{padding-top: 100px !important;padding-bottom: 100px !important;}&#8221;][vc_column_inner width=&#8221;1\/2&#8243; offset=&#8221;vc_col-lg-6 vc_col-md-12&#8243; css_tablet_portrait=&#8221;.vc_custom_1649178324368{padding-bottom: 70px [&hellip;]<\/p>\n","protected":false},"author":1,"featured_media":0,"parent":0,"menu_order":0,"comment_status":"closed","ping_status":"closed","template":"","meta":{"footnotes":""},"class_list":["post-13436","page","type-page","status-publish","hentry"],"_links":{"self":[{"href":"https:\/\/rimextrade.com\/en\/wp-json\/wp\/v2\/pages\/13436","targetHints":{"allow":["GET"]}}],"collection":[{"href":"https:\/\/rimextrade.com\/en\/wp-json\/wp\/v2\/pages"}],"about":[{"href":"https:\/\/rimextrade.com\/en\/wp-json\/wp\/v2\/types\/page"}],"author":[{"embeddable":true,"href":"https:\/\/rimextrade.com\/en\/wp-json\/wp\/v2\/users\/1"}],"replies":[{"embeddable":true,"href":"https:\/\/rimextrade.com\/en\/wp-json\/wp\/v2\/comments?post=13436"}],"version-history":[{"count":5,"href":"https:\/\/rimextrade.com\/en\/wp-json\/wp\/v2\/pages\/13436\/revisions"}],"predecessor-version":[{"id":13523,"href":"https:\/\/rimextrade.com\/en\/wp-json\/wp\/v2\/pages\/13436\/revisions\/13523"}],"wp:attachment":[{"href":"https:\/\/rimextrade.com\/en\/wp-json\/wp\/v2\/media?parent=13436"}],"curies":[{"name":"wp","href":"https:\/\/api.w.org\/{rel}","templated":true}]}}